{"id":104,"date":"2022-12-05T23:00:56","date_gmt":"2022-12-05T22:00:56","guid":{"rendered":"http:\/\/mlynpol.pl\/?page_id=104"},"modified":"2022-12-06T01:46:39","modified_gmt":"2022-12-06T00:46:39","slug":"mlyny-do-przypraw-ziol-warzyw-owocow-typu-mukf-plynna-regulacja-obr","status":"publish","type":"page","link":"http:\/\/mlynpol.pl\/index.php\/produkty\/mlyny-do-mielenia\/mlyny-do-przypraw-ziol-warzyw-owocow-typu-mukf-plynna-regulacja-obr\/","title":{"rendered":"M\u0142yny do przypraw, zi\u00f3\u0142, warzyw, owoc\u00f3w &#8211; typu MUKF (p\u0142ynna regulacja obr.)\u00a0"},"content":{"rendered":"\n<p>M\u0142yn sk\u0142ada si\u0119 z leja zasypowego, korpusu m\u0142yna, w kt\u00f3rym u\u0142o\u017cyskowany jest wirnik oraz silnika, kt\u00f3re zainstalowane s\u0105 na blacie sto\u0142u.&nbsp;<\/p>\n\n\n\n<p>Pod blatem sto\u0142u zamocowana jest obr\u0119cz z pasem zaciskowym dla mocowania worka na zmielone surowce. Uruchomienie m\u0142yna oraz regulacja jego pr\u0119dko\u015bci odbywa si\u0119 poprzez przemiennik czestotliwo\u015bci, zainstalowany z boku m\u0142yna. Przemiennik zapewnia p\u0142ynn\u0105 regulacj\u0119 obrot\u00f3w wirnika m\u0142yna od 0 do 6000 obr\/min. Mielenie polega na rozbijaniu drobin o z\u0119by i \u0142opatki na wirniku i o z\u0119by na pokrywie m\u0142yna. Wok\u00f3\u0142 wirnika zainstalowane jest, mi\u0119dzy obr\u0119czami, wymienne sito, kt\u00f3rego zadaniem jest ujednorodnienie przemia\u0142u. No\u015bnikiem zmielonych drobin surowca jest powietrze pobierane przez m\u0142yn wraz z mielonym surowcem.<\/p>\n\n\n\n<p>W ko\u0144cowej fazie mielenia powietrze przelatuje przez \u015bcianki worka pozostawiaj\u0105c w nim zmielony lub rozdrobniony surowiec. Na wyposa\u017ceniu m\u0142yna s\u0105 dwa worki wykonane ze specjalnej tkaniny (wykorzystywanej m.in. w odkurzaczach). Pobierane przez m\u0142yn powietrze jest te\u017c czynnikiem ch\u0142odz\u0105cym mielone surowce, przez co po zmieleniu maj\u0105 one temperatur\u0119<\/p>\n\n\n\n<p>tylko niewiele wi\u0119ksz\u0105 od temperatury otoczenia. Dzi\u0119ki zastosowaniu przemiennika cz\u0119stotliwo\u015bci i \u0142atwo wymiennych sit dla ka\u017cdego rozdrabnianego czy mielonego surowca mo\u017cna dobra\u0107 takie obroty wirnika i sito, \u017ce po rozdrobnieniu czy zmieleniu ilo\u015b\u0107 niepo\u017c\u0105danych frakcji, stanowi\u0105cych strat\u0119 surowca, zostaje zminimalizowana praktycznie do zera.<\/p>\n\n\n\n<p>Poni\u017cej w postaci schemat\u00f3w i zdj\u0119\u0107 podajemy przyk\u0142ady podawania surowc\u00f3w do m\u0142yna poprzez przeno\u015bnik \u015blimakowy, jak r\u00f3wnie\u017c przyk\u0142ady r\u00f3\u017cnych sposob\u00f3w odbioru spod m\u0142yn\u00f3w zmielonych surowc\u00f3w.<\/p>\n\n\n\n<p><strong>PARAMETRY TECHNICZNE<\/strong><\/p>\n\n\n\n<figure class=\"wp-block-table\"><table><tbody><tr><td>Wydajnosc [kg\/h]<\/td><td>Wysokosc [mm]<\/td><td>Szerokosc [mm]<\/td><td>Dlugosc [mm]<\/td><td>Silnik (400V) [kW]<\/td><\/tr><tr><td>10<\/td><td>1100<\/td><td>500<\/td><td>500<\/td><td>2,2<\/td><\/tr><tr><td>30<\/td><td>1200<\/td><td>500<\/td><td>500<\/td><td>3<\/td><\/tr><tr><td>50<\/td><td>1300<\/td><td>600<\/td><td>500<\/td><td>4<\/td><\/tr><tr><td>100<\/td><td>1700<\/td><td>700<\/td><td>900<\/td><td>7,5<\/td><\/tr><tr><td>250<\/td><td>1850<\/td><td>900<\/td><td>1000<\/td><td>15<\/td><\/tr><tr><td>500<\/td><td>2000<\/td><td>1100<\/td><td>1100<\/td><td>18,5<\/td><\/tr><tr><td>1000<\/td><td>2500<\/td><td>1400<\/td><td>2000<\/td><td>30<\/td><\/tr><\/tbody><\/table><\/figure>\n","protected":false},"excerpt":{"rendered":"<p>M\u0142yn sk\u0142ada si\u0119 z leja zasypowego, korpusu m\u0142yna, w kt\u00f3rym u\u0142o\u017cyskowany jest wirnik oraz silnika, kt\u00f3re zainstalowane s\u0105 na blacie sto\u0142u.&nbsp; Pod blatem sto\u0142u zamocowana<\/p>\n","protected":false},"author":1,"featured_media":0,"parent":25,"menu_order":4,"comment_status":"closed","ping_status":"closed","template":"","meta":{"footnotes":""},"class_list":["post-104","page","type-page","status-publish","hentry"],"_links":{"self":[{"href":"http:\/\/mlynpol.pl\/index.php\/wp-json\/wp\/v2\/pages\/104","targetHints":{"allow":["GET"]}}],"collection":[{"href":"http:\/\/mlynpol.pl\/index.php\/wp-json\/wp\/v2\/pages"}],"about":[{"href":"http:\/\/mlynpol.pl\/index.php\/wp-json\/wp\/v2\/types\/page"}],"author":[{"embeddable":true,"href":"http:\/\/mlynpol.pl\/index.php\/wp-json\/wp\/v2\/users\/1"}],"replies":[{"embeddable":true,"href":"http:\/\/mlynpol.pl\/index.php\/wp-json\/wp\/v2\/comments?post=104"}],"version-history":[{"count":1,"href":"http:\/\/mlynpol.pl\/index.php\/wp-json\/wp\/v2\/pages\/104\/revisions"}],"predecessor-version":[{"id":105,"href":"http:\/\/mlynpol.pl\/index.php\/wp-json\/wp\/v2\/pages\/104\/revisions\/105"}],"up":[{"embeddable":true,"href":"http:\/\/mlynpol.pl\/index.php\/wp-json\/wp\/v2\/pages\/25"}],"wp:attachment":[{"href":"http:\/\/mlynpol.pl\/index.php\/wp-json\/wp\/v2\/media?parent=104"}],"curies":[{"name":"wp","href":"https:\/\/api.w.org\/{rel}","templated":true}]}}